{"id":27,"date":"2022-08-11T11:45:04","date_gmt":"2022-08-11T11:45:04","guid":{"rendered":"https:\/\/goldsey.com\/?post_type=product&#038;p=27"},"modified":"2022-08-14T08:05:00","modified_gmt":"2022-08-14T08:05:00","slug":"goldsey-tamburlu-savak-derede-altin-eleme-makinasi","status":"publish","type":"product","link":"https:\/\/goldsey.com\/?product=goldsey-tamburlu-savak-derede-altin-eleme-makinasi","title":{"rendered":"Goldsey Tamburlu Savak Derede Alt\u0131n Eleme Makinas\u0131"},"content":{"rendered":"<p><img loading=\"lazy\" decoding=\"async\" class=\"alignnone size-medium wp-image-19\" src=\"https:\/\/goldsey.com\/wp-content\/uploads\/2022\/08\/WhatsApp-Image-2022-07-26-at-23.59.24-300x300.jpeg\" alt=\"\" width=\"300\" height=\"300\" srcset=\"https:\/\/goldsey.com\/wp-content\/uploads\/2022\/08\/WhatsApp-Image-2022-07-26-at-23.59.24-300x300.jpeg 300w, https:\/\/goldsey.com\/wp-content\/uploads\/2022\/08\/WhatsApp-Image-2022-07-26-at-23.59.24-1024x1024.jpeg 1024w, https:\/\/goldsey.com\/wp-content\/uploads\/2022\/08\/WhatsApp-Image-2022-07-26-at-23.59.24-150x150.jpeg 150w, https:\/\/goldsey.com\/wp-content\/uploads\/2022\/08\/WhatsApp-Image-2022-07-26-at-23.59.24-768x768.jpeg 768w, https:\/\/goldsey.com\/wp-content\/uploads\/2022\/08\/WhatsApp-Image-2022-07-26-at-23.59.24-1536x1536.jpeg 1536w, https:\/\/goldsey.com\/wp-content\/uploads\/2022\/08\/WhatsApp-Image-2022-07-26-at-23.59.24-600x600.jpeg 600w, https:\/\/goldsey.com\/wp-content\/uploads\/2022\/08\/WhatsApp-Image-2022-07-26-at-23.59.24-100x100.jpeg 100w, https:\/\/goldsey.com\/wp-content\/uploads\/2022\/08\/WhatsApp-Image-2022-07-26-at-23.59.24.jpeg 1600w\" sizes=\"auto, (max-width: 300px) 100vw, 300px\" \/><img loading=\"lazy\" decoding=\"async\" class=\"alignnone size-medium wp-image-24\" src=\"https:\/\/goldsey.com\/wp-content\/uploads\/2022\/08\/WhatsApp-Image-2022-07-26-at-23.59.24-1-300x300.jpeg\" alt=\"\" width=\"300\" height=\"300\" srcset=\"https:\/\/goldsey.com\/wp-content\/uploads\/2022\/08\/WhatsApp-Image-2022-07-26-at-23.59.24-1-300x300.jpeg 300w, https:\/\/goldsey.com\/wp-content\/uploads\/2022\/08\/WhatsApp-Image-2022-07-26-at-23.59.24-1-1024x1024.jpeg 1024w, https:\/\/goldsey.com\/wp-content\/uploads\/2022\/08\/WhatsApp-Image-2022-07-26-at-23.59.24-1-150x150.jpeg 150w, https:\/\/goldsey.com\/wp-content\/uploads\/2022\/08\/WhatsApp-Image-2022-07-26-at-23.59.24-1-768x768.jpeg 768w, https:\/\/goldsey.com\/wp-content\/uploads\/2022\/08\/WhatsApp-Image-2022-07-26-at-23.59.24-1-1536x1536.jpeg 1536w, https:\/\/goldsey.com\/wp-content\/uploads\/2022\/08\/WhatsApp-Image-2022-07-26-at-23.59.24-1-600x600.jpeg 600w, https:\/\/goldsey.com\/wp-content\/uploads\/2022\/08\/WhatsApp-Image-2022-07-26-at-23.59.24-1-100x100.jpeg 100w, https:\/\/goldsey.com\/wp-content\/uploads\/2022\/08\/WhatsApp-Image-2022-07-26-at-23.59.24-1.jpeg 1600w\" sizes=\"auto, (max-width: 300px) 100vw, 300px\" \/><\/p>\n<table>\n<tbody>\n<tr>\n<td class=\"no-border\">\n<div id=\"productDescriptionContent\">\n<p><strong>GOLDSEY Tamburlu Savak ( Trommel )<\/strong><\/p>\n<p>Art\u0131k her yerde alt\u0131n ve benzeri cevherleri eleyebilirsiniz.<\/p>\n<p>Tamburlu y\u0131kama sayesinde %100 verimle \u00e7al\u0131\u015f\u0131r. hi\u00e7 bir \u015fey bo\u015fa gitmez.<\/p>\n<p>Katlanabilir alt savak ile s\u00f6k\u00fclebilir mal teknesi sayesinde \u00e7ok az yer hert\u00fcrl\u00fc ara\u00e7 ile ta\u015f\u0131nabilir.<\/p>\n<p>\u00dcr\u00fcn\u00fcm\u00fcz kapal\u0131 pozisyonda 1000mmx300mmx300mm dir.<\/p>\n<p>\u00dcr\u00fcn\u00fcm\u00fcz %100 Yerli ve Milli dir. T\u00fcrkiye&#8217; de tek olmam\u0131za kar\u015f\u0131n D\u00fcnyada \u00fcretilmi\u015f m\u00fcdahillerine g\u00f6re en kapsaml\u0131 ve kaliteli \u00fcr\u00fcnd\u00fcr.<\/p>\n<p>Motor \u00c7al\u0131\u015fma Gerilimi 12V DC Ak\u0131md\u0131r.<\/p>\n<p>Tamburlu sistemler g\u00fcn\u00fcm\u00fczde en verimli alt\u0131n y\u0131kama sistemidir. di\u011fer sistemlerde ya\u015fan\u0131lan kay\u0131plar %40 a kadar ula\u015f\u0131rken trommel sistemde malzeme i\u00e7erisinde s\u00fcrekli d\u00f6nerek y\u0131kand\u0131\u011f\u0131 i\u00e7in kay\u0131ps\u0131z bir \u015fekilde y\u0131kama ger\u00e7ekle\u015fir.<\/p>\n<p>Derede alt\u0131n aramak i\u00e7in \u00fcretilmi\u015ftir .<\/p>\n<\/div>\n<\/td>\n<\/tr>\n<\/tbody>\n<\/table>\n","protected":false},"excerpt":{"rendered":"<p>GOLDSEY Tamburlu Savak ( Trommel ) Art\u0131k her yerde alt\u0131n ve benzeri cevherleri eleyebilirsiniz. Tamburlu y\u0131kama sayesinde %100 verimle \u00e7al\u0131\u015f\u0131r. hi\u00e7 bir \u015fey bo\u015fa gitmez. Katlanabilir alt savak ile s\u00f6k\u00fclebilir mal teknesi sayesinde \u00e7ok az yer hert\u00fcrl\u00fc ara\u00e7 ile ta\u015f\u0131nabilir. \u00dcr\u00fcn\u00fcm\u00fcz kapal\u0131 pozisyonda 1000mmx300mmx300mm dir. \u00dcr\u00fcn\u00fcm\u00fcz %100 Yerli ve Milli dir. T\u00fcrkiye&#8217; de tek olmam\u0131za [&hellip;]<\/p>\n","protected":false},"featured_media":24,"comment_status":"open","ping_status":"closed","template":"","meta":[],"product_brand":[],"product_cat":[15],"product_tag":[],"class_list":{"0":"post-27","1":"product","2":"type-product","3":"status-publish","4":"has-post-thumbnail","6":"product_cat-genel","8":"first","9":"instock","10":"sale","11":"shipping-taxable","12":"purchasable","13":"product-type-simple"},"_links":{"self":[{"href":"https:\/\/goldsey.com\/index.php?rest_route=\/wp\/v2\/product\/27","targetHints":{"allow":["GET"]}}],"collection":[{"href":"https:\/\/goldsey.com\/index.php?rest_route=\/wp\/v2\/product"}],"about":[{"href":"https:\/\/goldsey.com\/index.php?rest_route=\/wp\/v2\/types\/product"}],"replies":[{"embeddable":true,"href":"https:\/\/goldsey.com\/index.php?rest_route=%2Fwp%2Fv2%2Fcomments&post=27"}],"wp:featuredmedia":[{"embeddable":true,"href":"https:\/\/goldsey.com\/index.php?rest_route=\/wp\/v2\/media\/24"}],"wp:attachment":[{"href":"https:\/\/goldsey.com\/index.php?rest_route=%2Fwp%2Fv2%2Fmedia&parent=27"}],"wp:term":[{"taxonomy":"product_brand","embeddable":true,"href":"https:\/\/goldsey.com\/index.php?rest_route=%2Fwp%2Fv2%2Fproduct_brand&post=27"},{"taxonomy":"product_cat","embeddable":true,"href":"https:\/\/goldsey.com\/index.php?rest_route=%2Fwp%2Fv2%2Fproduct_cat&post=27"},{"taxonomy":"product_tag","embeddable":true,"href":"https:\/\/goldsey.com\/index.php?rest_route=%2Fwp%2Fv2%2Fproduct_tag&post=27"}],"curies":[{"name":"wp","href":"https:\/\/api.w.org\/{rel}","templated":true}]}}